{"id":3669,"date":"2022-02-24T13:40:14","date_gmt":"2022-02-24T16:40:14","guid":{"rendered":"https:\/\/academiainpact.cl\/accym\/?page_id=3669"},"modified":"2022-02-24T13:52:04","modified_gmt":"2022-02-24T16:52:04","slug":"programacion","status":"publish","type":"page","link":"http:\/\/academiainpact.cl\/accym\/programacion\/","title":{"rendered":"Programaci\u00f3n"},"content":{"rendered":"\t\t<div data-elementor-type=\"wp-page\" data-elementor-id=\"3669\" class=\"elementor elementor-3669\" data-elementor-settings=\"[]\">\n\t\t\t\t\t\t\t<div class=\"elementor-section-wrap\">\n\t\t\t\t\t\t\t<section class=\"elementor-section elementor-top-section elementor-element elementor-element-7ede3913 elementor-section-boxed elementor-section-height-default elementor-section-height-default\" data-id=\"7ede3913\" data-element_type=\"section\" data-settings=\"{&quot;background_background&quot;:&quot;classic&quot;}\">\n\t\t\t\t\t\t\t<div class=\"elementor-background-overlay\"><\/div>\n\t\t\t\t\t\t\t<div class=\"elementor-container elementor-column-gap-default\">\n\t\t\t\t\t<div class=\"elementor-column elementor-col-100 elementor-top-column elementor-element elementor-element-62378110\" data-id=\"62378110\" data-element_type=\"column\" data-settings=\"{&quot;background_background&quot;:&quot;classic&quot;}\">\n\t\t\t<div class=\"elementor-widget-wrap elementor-element-populated\">\n\t\t\t\t\t\t\t\t<div class=\"elementor-element elementor-element-798283e7 elementor-widget elementor-widget-heading\" data-id=\"798283e7\" data-element_type=\"widget\" data-widget_type=\"heading.default\">\n\t\t\t\t<div class=\"elementor-widget-container\">\n\t\t\t<h2 class=\"elementor-heading-title elementor-size-default\">Programaci\u00f3n<\/h2>\t\t<\/div>\n\t\t\t\t<\/div>\n\t\t\t\t\t<\/div>\n\t\t<\/div>\n\t\t\t\t\t\t\t<\/div>\n\t\t<\/section>\n\t\t\t\t<section class=\"elementor-section elementor-top-section elementor-element elementor-element-6adbb0f5 elementor-section-content-middle elementor-reverse-tablet elementor-reverse-mobile elementor-section-boxed elementor-section-height-default elementor-section-height-default\" data-id=\"6adbb0f5\" data-element_type=\"section\">\n\t\t\t\t\t\t<div class=\"elementor-container elementor-column-gap-default\">\n\t\t\t\t\t<div class=\"elementor-column elementor-col-100 elementor-top-column elementor-element elementor-element-59adda0c\" data-id=\"59adda0c\" data-element_type=\"column\">\n\t\t\t<div class=\"elementor-widget-wrap elementor-element-populated\">\n\t\t\t\t\t\t\t\t<div class=\"elementor-element elementor-element-8b03e1b elementor-widget elementor-widget-eael-adv-tabs\" data-id=\"8b03e1b\" data-element_type=\"widget\" data-widget_type=\"eael-adv-tabs.default\">\n\t\t\t\t<div class=\"elementor-widget-container\">\n\t\t\t        <div id=\"eael-advance-tabs-8b03e1b\" class=\"eael-advance-tabs eael-tabs-horizontal\" data-tabid=\"8b03e1b\">\n            <div class=\"eael-tabs-nav\">\n                <ul class=\"eael-tab-inline-icon\">\n                                            <li id=\"caf-charla\" class=\"inactive eael-tab-item-trigger\">\n                            \n                                                        \n                                                            <span class=\"eael-tab-title title-after-icon\">CAF\u00c9 CHARLA<\/span>\n                            \n                                                    <\/li>\n                                            <li id=\"-entrevistas\" class=\"inactive eael-tab-item-trigger\">\n                            \n                                                        \n                                                            <span class=\"eael-tab-title title-after-icon\"> ENTREVISTAS<\/span>\n                            \n                                                    <\/li>\n                                            <li id=\"-accin-social\" class=\"inactive eael-tab-item-trigger\">\n                            \n                                                        \n                                                            <span class=\"eael-tab-title title-after-icon\"> ACCI\u00d3N SOCIAL<\/span>\n                            \n                                                    <\/li>\n                                    <\/ul>\n            <\/div>\n            <div class=\"eael-tabs-content\">\n\t\t        \n                    <div id=\"caf-charla-tab\" class=\"clearfix eael-tab-content-item inactive\" data-title-link=\"caf-charla-tab\">\n\t\t\t\t        \t\t\t\t\t        <h3><img loading=\"lazy\" decoding=\"async\" class=\"size-medium wp-image-3671 alignleft\" src=\"http:\/\/academiainpact.cl\/accym\/wp-content\/uploads\/2022\/02\/charlacaf2-208x300.png\" alt=\"\" width=\"208\" height=\"300\" srcset=\"http:\/\/academiainpact.cl\/accym\/wp-content\/uploads\/2022\/02\/charlacaf2-208x300.png 208w, http:\/\/academiainpact.cl\/accym\/wp-content\/uploads\/2022\/02\/charlacaf2.png 341w\" sizes=\"auto, (max-width: 208px) 100vw, 208px\" \/><\/h3><h3 class=\"title nomargintop nomarginbottom\">Charlas Caf\u00e9<\/h3><p>Las Charlas Caf\u00e9 nacen con el pr\u00f3posito de compartir con nuestros socios y todos aquellos interesados en el coaching conversaciones sobre temas de inter\u00e9s para el sector.<\/p><p>Un espacio donde especialistas nacionales e internacionales exponen sus charlas con los invitados de manera cercana y compartimos un rico caf\u00e9.\u2028Los invitamos a inscribirse y participar.<\/p><p>Los cupos son limitados y la entrada es gratuita.<\/p><p>Inscr\u00edbete<\/p>\t\t\t\t                            <\/div>\n\t\t        \n                    <div id=\"-entrevistas-tab\" class=\"clearfix eael-tab-content-item inactive\" data-title-link=\"-entrevistas-tab\">\n\t\t\t\t        \t\t\t\t\t        <h3><img loading=\"lazy\" decoding=\"async\" class=\"size-medium wp-image-3672 alignleft\" src=\"http:\/\/academiainpact.cl\/accym\/wp-content\/uploads\/2022\/02\/entre2-208x300.png\" alt=\"\" width=\"208\" height=\"300\" srcset=\"http:\/\/academiainpact.cl\/accym\/wp-content\/uploads\/2022\/02\/entre2-208x300.png 208w, http:\/\/academiainpact.cl\/accym\/wp-content\/uploads\/2022\/02\/entre2.png 341w\" sizes=\"auto, (max-width: 208px) 100vw, 208px\" \/><\/h3><h3 class=\"title nomargintop nomarginbottom\">Entre Vistas<\/h3><p class=\"rt-large-text nomargintop\">Diferentes miradas para las mismas preguntas.<\/p><p>El concepto detr\u00e1s, y delante, es generar un espacio \u00edntimo de acercamiento al coaching y mentoring a trav\u00e9s de preguntas sobre experiencias personales a trainers nacionales e internacionales que permitan mostrar al p\u00fablico asistente la vida del entrevistado y c\u00f3mo el coaching influye en ella, o no.<\/p><p>Al ser un espacio \u00edntimo los cupos para asistir ser\u00e1n limitados con un m\u00e1ximo de 15 asistentes por entrevista.<\/p><p>Si quieres participar s\u00edguenos en nuestras redes sociales\u00a0<a href=\"https:\/\/www.facebook.com\/asociacionchilenadecoaching\" target=\"_blank\" rel=\"noopener\">Facebook<\/a>\u00a0y\u00a0<a href=\"https:\/\/twitter.com\/coachingacc\" target=\"_blank\" rel=\"noopener\">Twitter<\/a>\u00a0y mantente informado de las pr\u00f3ximas charlas.<\/p>\t\t\t\t                            <\/div>\n\t\t        \n                    <div id=\"-accin-social-tab\" class=\"clearfix eael-tab-content-item inactive\" data-title-link=\"-accin-social-tab\">\n\t\t\t\t        \t\t\t\t\t        <h3><img loading=\"lazy\" decoding=\"async\" class=\"wp-image-3673 size-medium alignleft\" src=\"http:\/\/academiainpact.cl\/accym\/wp-content\/uploads\/2022\/02\/trab2-208x300.png\" alt=\"\" width=\"208\" height=\"300\" srcset=\"http:\/\/academiainpact.cl\/accym\/wp-content\/uploads\/2022\/02\/trab2-208x300.png 208w, http:\/\/academiainpact.cl\/accym\/wp-content\/uploads\/2022\/02\/trab2.png 341w\" sizes=\"auto, (max-width: 208px) 100vw, 208px\" \/><\/h3><h3 class=\"title nomargintop nomarginbottom\">Acci\u00f3n Social<\/h3><p>En la Asociaci\u00f3n Chilena de Coaching y Mentoring (ACCM) nos comprometemos con nuestro trabajo como Coaches profesionales en la sociedad.<\/p><p>Estamos siempre en b\u00fasqueda de espacios donde poder ayudar a otros.<\/p><p>De esta forma te invitamos a inscribirte en los diferentes proyectos de ayuda social y compartir con otros los beneficios del coaching y del mentoring.<\/p><p><a href=\"ps:\/\/academiainpact.cl\/accym\/accion-social\">Leer m\u00e1s<\/a><\/p>\t\t\t\t                            <\/div>\n\t\t                    <\/div>\n        <\/div>\n\t\t<\/div>\n\t\t\t\t<\/div>\n\t\t\t\t\t<\/div>\n\t\t<\/div>\n\t\t\t\t\t\t\t<\/div>\n\t\t<\/section>\n\t\t\t\t\t\t<\/div>\n\t\t\t\t\t<\/div>\n\t\t","protected":false},"excerpt":{"rendered":"<p>Programaci\u00f3n PR\u00d3XIMAMENTE CAF\u00c9 CHARLA ENTREVISTAS ACCI\u00d3N SOCIAL Charlas Caf\u00e9 Las Charlas Caf\u00e9 nacen con el pr\u00f3posito de compartir con nuestros socios y todos aquellos interesados en el coaching conversaciones sobre temas de inter\u00e9s para el sector. Un espacio donde especialistas nacionales e internacionales exponen sus charlas con los invitados de manera cercana y compartimos un [&hellip;]<\/p>\n","protected":false},"author":1,"featured_media":0,"parent":0,"menu_order":0,"comment_status":"closed","ping_status":"closed","template":"elementor_header_footer","meta":{"footnotes":""},"class_list":["post-3669","page","type-page","status-publish","hentry"],"_links":{"self":[{"href":"http:\/\/academiainpact.cl\/accym\/wp-json\/wp\/v2\/pages\/3669","targetHints":{"allow":["GET"]}}],"collection":[{"href":"http:\/\/academiainpact.cl\/accym\/wp-json\/wp\/v2\/pages"}],"about":[{"href":"http:\/\/academiainpact.cl\/accym\/wp-json\/wp\/v2\/types\/page"}],"author":[{"embeddable":true,"href":"http:\/\/academiainpact.cl\/accym\/wp-json\/wp\/v2\/users\/1"}],"replies":[{"embeddable":true,"href":"http:\/\/academiainpact.cl\/accym\/wp-json\/wp\/v2\/comments?post=3669"}],"version-history":[{"count":7,"href":"http:\/\/academiainpact.cl\/accym\/wp-json\/wp\/v2\/pages\/3669\/revisions"}],"predecessor-version":[{"id":3684,"href":"http:\/\/academiainpact.cl\/accym\/wp-json\/wp\/v2\/pages\/3669\/revisions\/3684"}],"wp:attachment":[{"href":"http:\/\/academiainpact.cl\/accym\/wp-json\/wp\/v2\/media?parent=3669"}],"curies":[{"name":"wp","href":"https:\/\/api.w.org\/{rel}","templated":true}]}}