{"id":3646,"date":"2022-02-24T13:21:26","date_gmt":"2022-02-24T16:21:26","guid":{"rendered":"https:\/\/academiainpact.cl\/accym\/?page_id=3646"},"modified":"2022-02-24T13:37:31","modified_gmt":"2022-02-24T16:37:31","slug":"codigo-de-etica","status":"publish","type":"page","link":"http:\/\/academiainpact.cl\/accym\/codigo-de-etica\/","title":{"rendered":"C\u00f3digo de \u00c9tica"},"content":{"rendered":"\t\t<div data-elementor-type=\"wp-page\" data-elementor-id=\"3646\" class=\"elementor elementor-3646\" data-elementor-settings=\"[]\">\n\t\t\t\t\t\t\t<div class=\"elementor-section-wrap\">\n\t\t\t\t\t\t\t<section class=\"elementor-section elementor-top-section elementor-element elementor-element-3241b14a elementor-section-boxed elementor-section-height-default elementor-section-height-default\" data-id=\"3241b14a\" data-element_type=\"section\" data-settings=\"{&quot;background_background&quot;:&quot;classic&quot;}\">\n\t\t\t\t\t\t\t<div class=\"elementor-background-overlay\"><\/div>\n\t\t\t\t\t\t\t<div class=\"elementor-container elementor-column-gap-default\">\n\t\t\t\t\t<div class=\"elementor-column elementor-col-100 elementor-top-column elementor-element elementor-element-40c42669\" data-id=\"40c42669\" data-element_type=\"column\" data-settings=\"{&quot;background_background&quot;:&quot;classic&quot;}\">\n\t\t\t<div class=\"elementor-widget-wrap elementor-element-populated\">\n\t\t\t\t\t\t\t\t<div class=\"elementor-element elementor-element-5d8ff663 elementor-widget elementor-widget-heading\" data-id=\"5d8ff663\" data-element_type=\"widget\" data-widget_type=\"heading.default\">\n\t\t\t\t<div class=\"elementor-widget-container\">\n\t\t\t<h2 class=\"elementor-heading-title elementor-size-default\">C\u00f3digo de \u00c9tica<\/h2>\t\t<\/div>\n\t\t\t\t<\/div>\n\t\t\t\t\t<\/div>\n\t\t<\/div>\n\t\t\t\t\t\t\t<\/div>\n\t\t<\/section>\n\t\t\t\t<section class=\"elementor-section elementor-top-section elementor-element elementor-element-19e176b8 elementor-section-content-middle elementor-reverse-tablet elementor-reverse-mobile elementor-section-boxed elementor-section-height-default elementor-section-height-default\" data-id=\"19e176b8\" data-element_type=\"section\">\n\t\t\t\t\t\t<div class=\"elementor-container elementor-column-gap-default\">\n\t\t\t\t\t<div class=\"elementor-column elementor-col-100 elementor-top-column elementor-element elementor-element-1375fc97\" data-id=\"1375fc97\" data-element_type=\"column\">\n\t\t\t<div class=\"elementor-widget-wrap elementor-element-populated\">\n\t\t\t\t\t\t\t\t<div class=\"elementor-element elementor-element-53b6eea5 elementor-widget elementor-widget-text-editor\" data-id=\"53b6eea5\" data-element_type=\"widget\" data-widget_type=\"text-editor.default\">\n\t\t\t\t<div class=\"elementor-widget-container\">\n\t\t\t\t\t\t\t<p>En conformidad a sus estatutos, la Asociaci\u00f3n Chilena de Coaching\u00a0y Mentoring:<\/p><p>a) Tiene por misi\u00f3n constituirse en una instituci\u00f3n que promueva la difusi\u00f3n de la actividad de coaching en todas sus variantes, tanto a personas naturales como a empresas p\u00fablicas y privadas (art\u00edculo 4\u00ba).<\/p><p>b) Pretende ser considerada una instituci\u00f3n de prestigio, posicion\u00e1ndose como l\u00edder en Chile, avalando a profesionales, promoviendo la ense\u00f1anza y el trabajo de investigaci\u00f3n y asesorando a personas naturales y jur\u00eddicas, sobre coaching (art\u00edculo 3\u00ba inciso segundo)<\/p><p>c) Tiene como objetivo velar porque el ejercicio del coaching satisfaga los requisitos de la \u00e9tica, seg\u00fan los est\u00e1ndares de la ACCM.<\/p><p>En conformidad a lo expuesto, al texto \u00edntegro de los Estatutos de nuestra Corporaci\u00f3n y a la normativa legal aplicable a nuestra instituci\u00f3n, y especialmente seg\u00fan lo dispuesto por los art\u00edculos Vig\u00e9simo Octavo letra f y Decimos\u00e9ptimo, el Directorio propone a la Asamblea General, para ser aprobado en Asamblea General de Socios, el siguiente:<\/p>\t\t\t\t\t\t<\/div>\n\t\t\t\t<\/div>\n\t\t\t\t\t<\/div>\n\t\t<\/div>\n\t\t\t\t\t\t\t<\/div>\n\t\t<\/section>\n\t\t\t\t<section class=\"elementor-section elementor-top-section elementor-element elementor-element-64152a0 elementor-section-boxed elementor-section-height-default elementor-section-height-default\" data-id=\"64152a0\" data-element_type=\"section\">\n\t\t\t\t\t\t<div class=\"elementor-container elementor-column-gap-default\">\n\t\t\t\t\t<div class=\"elementor-column elementor-col-100 elementor-top-column elementor-element elementor-element-d1ba924\" data-id=\"d1ba924\" data-element_type=\"column\">\n\t\t\t<div class=\"elementor-widget-wrap\">\n\t\t\t\t\t\t\t\t\t<\/div>\n\t\t<\/div>\n\t\t\t\t\t\t\t<\/div>\n\t\t<\/section>\n\t\t\t\t\t\t<\/div>\n\t\t\t\t\t<\/div>\n\t\t","protected":false},"excerpt":{"rendered":"<p>C\u00f3digo de \u00c9tica Asociaci\u00f3n Chilena De Coaching Y Mentoring En conformidad a sus estatutos, la Asociaci\u00f3n Chilena de Coaching\u00a0y Mentoring: a) Tiene por misi\u00f3n constituirse en una instituci\u00f3n que promueva la difusi\u00f3n de la actividad de coaching en todas sus variantes, tanto a personas naturales como a empresas p\u00fablicas y privadas (art\u00edculo 4\u00ba). b) Pretende [&hellip;]<\/p>\n","protected":false},"author":1,"featured_media":0,"parent":0,"menu_order":0,"comment_status":"closed","ping_status":"closed","template":"elementor_header_footer","meta":{"footnotes":""},"class_list":["post-3646","page","type-page","status-publish","hentry"],"_links":{"self":[{"href":"http:\/\/academiainpact.cl\/accym\/wp-json\/wp\/v2\/pages\/3646","targetHints":{"allow":["GET"]}}],"collection":[{"href":"http:\/\/academiainpact.cl\/accym\/wp-json\/wp\/v2\/pages"}],"about":[{"href":"http:\/\/academiainpact.cl\/accym\/wp-json\/wp\/v2\/types\/page"}],"author":[{"embeddable":true,"href":"http:\/\/academiainpact.cl\/accym\/wp-json\/wp\/v2\/users\/1"}],"replies":[{"embeddable":true,"href":"http:\/\/academiainpact.cl\/accym\/wp-json\/wp\/v2\/comments?post=3646"}],"version-history":[{"count":10,"href":"http:\/\/academiainpact.cl\/accym\/wp-json\/wp\/v2\/pages\/3646\/revisions"}],"predecessor-version":[{"id":3662,"href":"http:\/\/academiainpact.cl\/accym\/wp-json\/wp\/v2\/pages\/3646\/revisions\/3662"}],"wp:attachment":[{"href":"http:\/\/academiainpact.cl\/accym\/wp-json\/wp\/v2\/media?parent=3646"}],"curies":[{"name":"wp","href":"https:\/\/api.w.org\/{rel}","templated":true}]}}