{"id":3581,"date":"2022-02-24T12:14:33","date_gmt":"2022-02-24T15:14:33","guid":{"rendered":"https:\/\/academiainpact.cl\/accym\/?page_id=3581"},"modified":"2022-02-24T13:39:30","modified_gmt":"2022-02-24T16:39:30","slug":"quienes-somos","status":"publish","type":"page","link":"http:\/\/academiainpact.cl\/accym\/quienes-somos\/","title":{"rendered":"quienes-somos"},"content":{"rendered":"\t\t<div data-elementor-type=\"wp-page\" data-elementor-id=\"3581\" class=\"elementor elementor-3581\" data-elementor-settings=\"[]\">\n\t\t\t\t\t\t\t<div class=\"elementor-section-wrap\">\n\t\t\t\t\t\t\t<section class=\"elementor-section elementor-top-section elementor-element elementor-element-6ed0fed2 elementor-section-boxed elementor-section-height-default elementor-section-height-default\" data-id=\"6ed0fed2\" data-element_type=\"section\" data-settings=\"{&quot;background_background&quot;:&quot;classic&quot;}\">\n\t\t\t\t\t\t\t<div class=\"elementor-background-overlay\"><\/div>\n\t\t\t\t\t\t\t<div class=\"elementor-container elementor-column-gap-default\">\n\t\t\t\t\t<div class=\"elementor-column elementor-col-100 elementor-top-column elementor-element elementor-element-2610bfd0\" data-id=\"2610bfd0\" data-element_type=\"column\" data-settings=\"{&quot;background_background&quot;:&quot;classic&quot;}\">\n\t\t\t<div class=\"elementor-widget-wrap elementor-element-populated\">\n\t\t\t\t\t\t\t\t<div class=\"elementor-element elementor-element-35793aef elementor-widget elementor-widget-heading\" data-id=\"35793aef\" data-element_type=\"widget\" data-widget_type=\"heading.default\">\n\t\t\t\t<div class=\"elementor-widget-container\">\n\t\t\t<h2 class=\"elementor-heading-title elementor-size-default\">Asociaci\u00f3n Chilena de Coaching y Mentoring ACCM<\/h2>\t\t<\/div>\n\t\t\t\t<\/div>\n\t\t\t\t\t<\/div>\n\t\t<\/div>\n\t\t\t\t\t\t\t<\/div>\n\t\t<\/section>\n\t\t\t\t<section class=\"elementor-section elementor-top-section elementor-element elementor-element-6546fb08 elementor-section-content-middle elementor-section-boxed elementor-section-height-default elementor-section-height-default\" data-id=\"6546fb08\" data-element_type=\"section\">\n\t\t\t\t\t\t<div class=\"elementor-container elementor-column-gap-default\">\n\t\t\t\t\t<div class=\"elementor-column elementor-col-50 elementor-top-column elementor-element elementor-element-583d30c1\" data-id=\"583d30c1\" data-element_type=\"column\">\n\t\t\t<div class=\"elementor-widget-wrap elementor-element-populated\">\n\t\t\t\t\t\t\t\t<div class=\"elementor-element elementor-element-509ec339 elementor-widget elementor-widget-text-editor\" data-id=\"509ec339\" data-element_type=\"widget\" data-widget_type=\"text-editor.default\">\n\t\t\t\t<div class=\"elementor-widget-container\">\n\t\t\t\t\t\t\t<p data-pm-slice=\"1 1 []\">\u00a0corporaci\u00f3n sin fines de lucro, fue formada en Diciembre 2005, por un grupo de profesionales, con el objetivo de difundir el coaching y el mentoring como herramienta directiva de primer orden y como actividad que hace que las personas sean conscientes de sus habilidades y forjadoras de su propio destino.\u00a0<\/p><p>De esta manera, la ACCM sirve de garante a una actividad que estimula el desarrollo y desempe\u00f1o humano.<\/p><p>La ACCM servir\u00e1 de centro de desarrollo de la investigaci\u00f3n y continuo mejoramiento de la actividad y promover\u00e1 alianzas y convalidaciones con centros de instrucciones nacionales e internacionales.<\/p>\t\t\t\t\t\t<\/div>\n\t\t\t\t<\/div>\n\t\t\t\t<div class=\"elementor-element elementor-element-db573b7 elementor-widget elementor-widget-heading\" data-id=\"db573b7\" data-element_type=\"widget\" data-widget_type=\"heading.default\">\n\t\t\t\t<div class=\"elementor-widget-container\">\n\t\t\t<h2 class=\"elementor-heading-title elementor-size-default\">Acredita:<\/h2>\t\t<\/div>\n\t\t\t\t<\/div>\n\t\t\t\t<div class=\"elementor-element elementor-element-1fa87a0 elementor-widget elementor-widget-image\" data-id=\"1fa87a0\" data-element_type=\"widget\" data-widget_type=\"image.default\">\n\t\t\t\t<div class=\"elementor-widget-container\">\n\t\t\t\t\t\t\t\t\t\t\t\t\t\t\t<img decoding=\"async\" src=\"http:\/\/academiainpact.cl\/accym\/wp-content\/uploads\/2022\/02\/tdh.png\" title=\"tdh\" alt=\"tdh\" \/>\t\t\t\t\t\t\t\t\t\t\t\t\t\t\t<\/div>\n\t\t\t\t<\/div>\n\t\t\t\t\t<\/div>\n\t\t<\/div>\n\t\t\t\t<div class=\"elementor-column elementor-col-50 elementor-top-column elementor-element elementor-element-3dc6f13\" data-id=\"3dc6f13\" data-element_type=\"column\">\n\t\t\t<div class=\"elementor-widget-wrap elementor-element-populated\">\n\t\t\t\t\t\t\t\t<div class=\"elementor-element elementor-element-18b235ba elementor-widget-tablet__width-initial elementor-widget elementor-widget-image\" data-id=\"18b235ba\" data-element_type=\"widget\" data-widget_type=\"image.default\">\n\t\t\t\t<div class=\"elementor-widget-container\">\n\t\t\t\t\t\t\t\t\t\t\t\t\t\t\t<img loading=\"lazy\" decoding=\"async\" width=\"576\" height=\"417\" src=\"http:\/\/academiainpact.cl\/accym\/wp-content\/uploads\/2022\/02\/manzana1_web892x417.jpg\" class=\"attachment-full size-full\" alt=\"\" srcset=\"http:\/\/academiainpact.cl\/accym\/wp-content\/uploads\/2022\/02\/manzana1_web892x417.jpg 576w, http:\/\/academiainpact.cl\/accym\/wp-content\/uploads\/2022\/02\/manzana1_web892x417-300x217.jpg 300w\" sizes=\"auto, (max-width: 576px) 100vw, 576px\" \/>\t\t\t\t\t\t\t\t\t\t\t\t\t\t\t<\/div>\n\t\t\t\t<\/div>\n\t\t\t\t\t<\/div>\n\t\t<\/div>\n\t\t\t\t\t\t\t<\/div>\n\t\t<\/section>\n\t\t\t\t<section class=\"elementor-section elementor-top-section elementor-element elementor-element-21a6d22b elementor-section-boxed elementor-section-height-default elementor-section-height-default\" data-id=\"21a6d22b\" data-element_type=\"section\" data-settings=\"{&quot;background_background&quot;:&quot;classic&quot;}\">\n\t\t\t\t\t\t\t<div class=\"elementor-background-overlay\"><\/div>\n\t\t\t\t\t\t\t<div class=\"elementor-container elementor-column-gap-default\">\n\t\t\t\t\t<div class=\"elementor-column elementor-col-100 elementor-top-column elementor-element elementor-element-78b061ac\" data-id=\"78b061ac\" data-element_type=\"column\" data-settings=\"{&quot;background_background&quot;:&quot;classic&quot;}\">\n\t\t\t<div class=\"elementor-widget-wrap elementor-element-populated\">\n\t\t\t\t\t\t\t\t<section class=\"elementor-section elementor-inner-section elementor-element elementor-element-21aa224 elementor-section-boxed elementor-section-height-default elementor-section-height-default\" data-id=\"21aa224\" data-element_type=\"section\" data-settings=\"{&quot;background_background&quot;:&quot;classic&quot;}\">\n\t\t\t\t\t\t<div class=\"elementor-container elementor-column-gap-default\">\n\t\t\t\t\t<div class=\"elementor-column elementor-col-25 elementor-inner-column elementor-element elementor-element-dfcbe8e\" data-id=\"dfcbe8e\" data-element_type=\"column\">\n\t\t\t<div class=\"elementor-widget-wrap elementor-element-populated\">\n\t\t\t\t\t\t\t\t<div class=\"elementor-element elementor-element-06dec8c elementor-widget elementor-widget-image\" data-id=\"06dec8c\" data-element_type=\"widget\" data-widget_type=\"image.default\">\n\t\t\t\t<div class=\"elementor-widget-container\">\n\t\t\t\t\t\t\t\t\t\t\t\t\t\t\t<img loading=\"lazy\" decoding=\"async\" width=\"580\" height=\"764\" src=\"http:\/\/academiainpact.cl\/accym\/wp-content\/uploads\/2022\/02\/Copia-de-Paul2-baja-777x1024.png\" class=\"attachment-large size-large\" alt=\"\" srcset=\"http:\/\/academiainpact.cl\/accym\/wp-content\/uploads\/2022\/02\/Copia-de-Paul2-baja-777x1024.png 777w, http:\/\/academiainpact.cl\/accym\/wp-content\/uploads\/2022\/02\/Copia-de-Paul2-baja-228x300.png 228w, http:\/\/academiainpact.cl\/accym\/wp-content\/uploads\/2022\/02\/Copia-de-Paul2-baja-768x1012.png 768w, http:\/\/academiainpact.cl\/accym\/wp-content\/uploads\/2022\/02\/Copia-de-Paul2-baja.png 1000w\" sizes=\"auto, (max-width: 580px) 100vw, 580px\" \/>\t\t\t\t\t\t\t\t\t\t\t\t\t\t\t<\/div>\n\t\t\t\t<\/div>\n\t\t\t\t\t<\/div>\n\t\t<\/div>\n\t\t\t\t<div class=\"elementor-column elementor-col-25 elementor-inner-column elementor-element elementor-element-66c80706\" data-id=\"66c80706\" data-element_type=\"column\">\n\t\t\t<div class=\"elementor-widget-wrap elementor-element-populated\">\n\t\t\t\t\t\t\t\t<div class=\"elementor-element elementor-element-f550cc9 elementor-widget elementor-widget-image\" data-id=\"f550cc9\" data-element_type=\"widget\" data-widget_type=\"image.default\">\n\t\t\t\t<div class=\"elementor-widget-container\">\n\t\t\t\t\t\t\t\t\t\t\t\t\t\t\t<img loading=\"lazy\" decoding=\"async\" width=\"580\" height=\"764\" src=\"http:\/\/academiainpact.cl\/accym\/wp-content\/uploads\/2022\/02\/rosa-777x1024.png\" class=\"attachment-large size-large\" alt=\"\" srcset=\"http:\/\/academiainpact.cl\/accym\/wp-content\/uploads\/2022\/02\/rosa-777x1024.png 777w, http:\/\/academiainpact.cl\/accym\/wp-content\/uploads\/2022\/02\/rosa-228x300.png 228w, http:\/\/academiainpact.cl\/accym\/wp-content\/uploads\/2022\/02\/rosa-768x1012.png 768w, http:\/\/academiainpact.cl\/accym\/wp-content\/uploads\/2022\/02\/rosa.png 1000w\" sizes=\"auto, (max-width: 580px) 100vw, 580px\" \/>\t\t\t\t\t\t\t\t\t\t\t\t\t\t\t<\/div>\n\t\t\t\t<\/div>\n\t\t\t\t\t<\/div>\n\t\t<\/div>\n\t\t\t\t<div class=\"elementor-column elementor-col-25 elementor-inner-column elementor-element elementor-element-c865a15\" data-id=\"c865a15\" data-element_type=\"column\">\n\t\t\t<div class=\"elementor-widget-wrap elementor-element-populated\">\n\t\t\t\t\t\t\t\t<div class=\"elementor-element elementor-element-2fe99af elementor-widget elementor-widget-image\" data-id=\"2fe99af\" data-element_type=\"widget\" data-widget_type=\"image.default\">\n\t\t\t\t<div class=\"elementor-widget-container\">\n\t\t\t\t\t\t\t\t\t\t\t\t\t\t\t<img loading=\"lazy\" decoding=\"async\" width=\"580\" height=\"764\" src=\"http:\/\/academiainpact.cl\/accym\/wp-content\/uploads\/2022\/02\/janet-777x1024.png\" class=\"attachment-large size-large\" alt=\"\" srcset=\"http:\/\/academiainpact.cl\/accym\/wp-content\/uploads\/2022\/02\/janet-777x1024.png 777w, http:\/\/academiainpact.cl\/accym\/wp-content\/uploads\/2022\/02\/janet-228x300.png 228w, http:\/\/academiainpact.cl\/accym\/wp-content\/uploads\/2022\/02\/janet-768x1012.png 768w, http:\/\/academiainpact.cl\/accym\/wp-content\/uploads\/2022\/02\/janet.png 1000w\" sizes=\"auto, (max-width: 580px) 100vw, 580px\" \/>\t\t\t\t\t\t\t\t\t\t\t\t\t\t\t<\/div>\n\t\t\t\t<\/div>\n\t\t\t\t\t<\/div>\n\t\t<\/div>\n\t\t\t\t<div class=\"elementor-column elementor-col-25 elementor-inner-column elementor-element elementor-element-5e6f5d33\" data-id=\"5e6f5d33\" data-element_type=\"column\">\n\t\t\t<div class=\"elementor-widget-wrap elementor-element-populated\">\n\t\t\t\t\t\t\t\t<div class=\"elementor-element elementor-element-79df32a elementor-widget elementor-widget-image\" data-id=\"79df32a\" data-element_type=\"widget\" data-widget_type=\"image.default\">\n\t\t\t\t<div class=\"elementor-widget-container\">\n\t\t\t\t\t\t\t\t\t\t\t\t\t\t\t<img loading=\"lazy\" decoding=\"async\" width=\"580\" height=\"764\" src=\"http:\/\/academiainpact.cl\/accym\/wp-content\/uploads\/2022\/02\/jess-777x1024.png\" class=\"attachment-large size-large\" alt=\"\" srcset=\"http:\/\/academiainpact.cl\/accym\/wp-content\/uploads\/2022\/02\/jess-777x1024.png 777w, http:\/\/academiainpact.cl\/accym\/wp-content\/uploads\/2022\/02\/jess-228x300.png 228w, http:\/\/academiainpact.cl\/accym\/wp-content\/uploads\/2022\/02\/jess-768x1012.png 768w, http:\/\/academiainpact.cl\/accym\/wp-content\/uploads\/2022\/02\/jess.png 1000w\" sizes=\"auto, (max-width: 580px) 100vw, 580px\" \/>\t\t\t\t\t\t\t\t\t\t\t\t\t\t\t<\/div>\n\t\t\t\t<\/div>\n\t\t\t\t\t<\/div>\n\t\t<\/div>\n\t\t\t\t\t\t\t<\/div>\n\t\t<\/section>\n\t\t\t\t\t<\/div>\n\t\t<\/div>\n\t\t\t\t\t\t\t<\/div>\n\t\t<\/section>\n\t\t\t\t<section class=\"elementor-section elementor-top-section elementor-element elementor-element-3937921f elementor-section-boxed elementor-section-height-default elementor-section-height-default\" data-id=\"3937921f\" data-element_type=\"section\">\n\t\t\t\t\t\t<div class=\"elementor-container elementor-column-gap-default\">\n\t\t\t\t\t<div class=\"elementor-column elementor-col-100 elementor-top-column elementor-element elementor-element-58c91c32\" data-id=\"58c91c32\" data-element_type=\"column\">\n\t\t\t<div class=\"elementor-widget-wrap elementor-element-populated\">\n\t\t\t\t\t\t\t\t<div class=\"elementor-element elementor-element-a9fb219 elementor-arrows-position-outside elementor-pagination-position-outside elementor-widget elementor-widget-image-carousel\" data-id=\"a9fb219\" data-element_type=\"widget\" data-settings=\"{&quot;slides_to_show&quot;:&quot;5&quot;,&quot;navigation&quot;:&quot;both&quot;,&quot;autoplay&quot;:&quot;yes&quot;,&quot;pause_on_hover&quot;:&quot;yes&quot;,&quot;pause_on_interaction&quot;:&quot;yes&quot;,&quot;autoplay_speed&quot;:5000,&quot;infinite&quot;:&quot;yes&quot;,&quot;speed&quot;:500}\" data-widget_type=\"image-carousel.default\">\n\t\t\t\t<div class=\"elementor-widget-container\">\n\t\t\t\t\t<div class=\"elementor-image-carousel-wrapper swiper-container\" dir=\"ltr\">\n\t\t\t<div class=\"elementor-image-carousel swiper-wrapper\">\n\t\t\t\t\t\t\t\t<div class=\"swiper-slide\"><figure class=\"swiper-slide-inner\"><img decoding=\"async\" class=\"swiper-slide-image\" src=\"http:\/\/academiainpact.cl\/accym\/wp-content\/uploads\/2022\/02\/avencoaching.png\" alt=\"avencoaching\" \/><\/figure><\/div><div class=\"swiper-slide\"><figure class=\"swiper-slide-inner\"><img decoding=\"async\" class=\"swiper-slide-image\" src=\"http:\/\/academiainpact.cl\/accym\/wp-content\/uploads\/2022\/02\/logo_academia.jpg\" alt=\"logo_academia\" \/><\/figure><\/div><div class=\"swiper-slide\"><figure class=\"swiper-slide-inner\"><img decoding=\"async\" class=\"swiper-slide-image\" src=\"http:\/\/academiainpact.cl\/accym\/wp-content\/uploads\/2022\/02\/logo_montebravo.jpg\" alt=\"logo_montebravo\" \/><\/figure><\/div><div class=\"swiper-slide\"><figure class=\"swiper-slide-inner\"><img decoding=\"async\" class=\"swiper-slide-image\" src=\"http:\/\/academiainpact.cl\/accym\/wp-content\/uploads\/2022\/02\/logoANCOACH-1-300x133.png\" alt=\"logoANCOACH-1\" \/><\/figure><\/div><div class=\"swiper-slide\"><figure class=\"swiper-slide-inner\"><img decoding=\"async\" class=\"swiper-slide-image\" src=\"http:\/\/academiainpact.cl\/accym\/wp-content\/uploads\/2022\/02\/SSBC_-_LOGO_OFICIAL_-_Letra_azul-300x170.jpg\" alt=\"SSBC_-_LOGO_OFICIAL_-_Letra_azul\" \/><\/figure><\/div><div class=\"swiper-slide\"><figure class=\"swiper-slide-inner\"><img decoding=\"async\" class=\"swiper-slide-image\" src=\"http:\/\/academiainpact.cl\/accym\/wp-content\/uploads\/2022\/02\/HC_LOGO-300x181.png\" alt=\"HC_LOGO\" \/><\/figure><\/div><div class=\"swiper-slide\"><figure class=\"swiper-slide-inner\"><img decoding=\"async\" class=\"swiper-slide-image\" src=\"http:\/\/academiainpact.cl\/accym\/wp-content\/uploads\/2022\/02\/BDTM.jpg\" alt=\"BDTM\" \/><\/figure><\/div>\t\t\t<\/div>\n\t\t\t\t\t\t\t\t\t\t\t\t<div class=\"swiper-pagination\"><\/div>\n\t\t\t\t\t\t\t\t\t\t\t\t\t<div class=\"elementor-swiper-button elementor-swiper-button-prev\">\n\t\t\t\t\t\t<i aria-hidden=\"true\" class=\"eicon-chevron-left\"><\/i>\t\t\t\t\t\t<span class=\"elementor-screen-only\">Previous<\/span>\n\t\t\t\t\t<\/div>\n\t\t\t\t\t<div class=\"elementor-swiper-button elementor-swiper-button-next\">\n\t\t\t\t\t\t<i aria-hidden=\"true\" class=\"eicon-chevron-right\"><\/i>\t\t\t\t\t\t<span class=\"elementor-screen-only\">Next<\/span>\n\t\t\t\t\t<\/div>\n\t\t\t\t\t\t\t\t\t<\/div>\n\t\t\t\t<\/div>\n\t\t\t\t<\/div>\n\t\t\t\t\t<\/div>\n\t\t<\/div>\n\t\t\t\t\t\t\t<\/div>\n\t\t<\/section>\n\t\t\t\t\t\t<\/div>\n\t\t\t\t\t<\/div>\n\t\t","protected":false},"excerpt":{"rendered":"<p>Asociaci\u00f3n Chilena de Coaching y Mentoring ACCM La Asociaci\u00f3n Chilena de Coaching y Mentoring (ACCM), \u00a0corporaci\u00f3n sin fines de lucro, fue formada en Diciembre 2005, por un grupo de profesionales, con el objetivo de difundir el coaching y el mentoring como herramienta directiva de primer orden y como actividad que hace que las personas sean [&hellip;]<\/p>\n","protected":false},"author":1,"featured_media":0,"parent":0,"menu_order":0,"comment_status":"closed","ping_status":"closed","template":"elementor_header_footer","meta":{"footnotes":""},"class_list":["post-3581","page","type-page","status-publish","hentry"],"_links":{"self":[{"href":"http:\/\/academiainpact.cl\/accym\/wp-json\/wp\/v2\/pages\/3581","targetHints":{"allow":["GET"]}}],"collection":[{"href":"http:\/\/academiainpact.cl\/accym\/wp-json\/wp\/v2\/pages"}],"about":[{"href":"http:\/\/academiainpact.cl\/accym\/wp-json\/wp\/v2\/types\/page"}],"author":[{"embeddable":true,"href":"http:\/\/academiainpact.cl\/accym\/wp-json\/wp\/v2\/users\/1"}],"replies":[{"embeddable":true,"href":"http:\/\/academiainpact.cl\/accym\/wp-json\/wp\/v2\/comments?post=3581"}],"version-history":[{"count":22,"href":"http:\/\/academiainpact.cl\/accym\/wp-json\/wp\/v2\/pages\/3581\/revisions"}],"predecessor-version":[{"id":3668,"href":"http:\/\/academiainpact.cl\/accym\/wp-json\/wp\/v2\/pages\/3581\/revisions\/3668"}],"wp:attachment":[{"href":"http:\/\/academiainpact.cl\/accym\/wp-json\/wp\/v2\/media?parent=3581"}],"curies":[{"name":"wp","href":"https:\/\/api.w.org\/{rel}","templated":true}]}}