{"id":3463,"date":"2022-02-24T06:23:35","date_gmt":"2022-02-24T09:23:35","guid":{"rendered":"https:\/\/academiainpact.cl\/accym\/?page_id=3463"},"modified":"2022-02-25T09:11:38","modified_gmt":"2022-02-25T12:11:38","slug":"inicio","status":"publish","type":"page","link":"http:\/\/academiainpact.cl\/accym\/inicio\/","title":{"rendered":"inicio"},"content":{"rendered":"\t\t<div data-elementor-type=\"wp-page\" data-elementor-id=\"3463\" class=\"elementor elementor-3463\" data-elementor-settings=\"[]\">\n\t\t\t\t\t\t\t<div class=\"elementor-section-wrap\">\n\t\t\t\t\t\t\t<section class=\"elementor-section elementor-top-section elementor-element elementor-element-5bfcfff elementor-section-full_width elementor-section-height-default elementor-section-height-default\" data-id=\"5bfcfff\" data-element_type=\"section\" data-settings=\"{&quot;background_background&quot;:&quot;classic&quot;}\">\n\t\t\t\t\t\t<div class=\"elementor-container elementor-column-gap-default\">\n\t\t\t\t\t<div class=\"elementor-column elementor-col-100 elementor-top-column elementor-element elementor-element-3d2f263\" data-id=\"3d2f263\" data-element_type=\"column\">\n\t\t\t<div class=\"elementor-widget-wrap\">\n\t\t\t\t\t\t\t\t\t<\/div>\n\t\t<\/div>\n\t\t\t\t\t\t\t<\/div>\n\t\t<\/section>\n\t\t\t\t<section class=\"elementor-section elementor-top-section elementor-element elementor-element-43a9822 elementor-section-content-middle elementor-section-boxed elementor-section-height-default elementor-section-height-default\" data-id=\"43a9822\" data-element_type=\"section\" data-settings=\"{&quot;background_background&quot;:&quot;classic&quot;}\">\n\t\t\t\t\t\t<div class=\"elementor-container elementor-column-gap-default\">\n\t\t\t\t\t<div class=\"elementor-column elementor-col-33 elementor-top-column elementor-element elementor-element-57582c7c\" data-id=\"57582c7c\" data-element_type=\"column\">\n\t\t\t<div class=\"elementor-widget-wrap elementor-element-populated\">\n\t\t\t\t\t\t\t\t<div class=\"elementor-element elementor-element-370052b1 elementor-widget elementor-widget-text-editor\" data-id=\"370052b1\" data-element_type=\"widget\" data-widget_type=\"text-editor.default\">\n\t\t\t\t<div class=\"elementor-widget-container\">\n\t\t\t\t\t\t\t<h3 class=\"title nomargintop nomarginbottom\">Revista ICIMAG<\/h3>\t\t\t\t\t\t<\/div>\n\t\t\t\t<\/div>\n\t\t\t\t<div class=\"elementor-element elementor-element-883a162 elementor-widget elementor-widget-text-editor\" data-id=\"883a162\" data-element_type=\"widget\" data-widget_type=\"text-editor.default\">\n\t\t\t\t<div class=\"elementor-widget-container\">\n\t\t\t\t\t\t\t<p>Recomendamos suscribirse a la revista digital Icimag, para mantenerse siempre al d\u00eda con las \u00faltimas tendencias. La revista es gratuita y bimestral.<\/p><p>Entrevistas con un enfoque de coaching, novedades, hitos y mucho m\u00e1s.<\/p><p>Puedes seguirlos en Facebook y discutir con la comunidad los articulos de cada n\u00famero.<\/p>\t\t\t\t\t\t<\/div>\n\t\t\t\t<\/div>\n\t\t\t\t\t<\/div>\n\t\t<\/div>\n\t\t\t\t<div class=\"elementor-column elementor-col-33 elementor-top-column elementor-element elementor-element-18a1fc44\" data-id=\"18a1fc44\" data-element_type=\"column\">\n\t\t\t<div class=\"elementor-widget-wrap elementor-element-populated\">\n\t\t\t\t\t\t\t\t<div class=\"elementor-element elementor-element-4b4d83de elementor-widget-tablet__width-initial elementor-widget elementor-widget-image\" data-id=\"4b4d83de\" data-element_type=\"widget\" data-widget_type=\"image.default\">\n\t\t\t\t<div class=\"elementor-widget-container\">\n\t\t\t\t\t\t\t\t\t\t\t\t\t\t\t<img decoding=\"async\" src=\"http:\/\/academiainpact.cl\/accym\/wp-content\/uploads\/2022\/02\/icimag_banner2.png\" title=\"icimag_banner2\" alt=\"icimag_banner2\" \/>\t\t\t\t\t\t\t\t\t\t\t\t\t\t\t<\/div>\n\t\t\t\t<\/div>\n\t\t\t\t\t<\/div>\n\t\t<\/div>\n\t\t\t\t<div class=\"elementor-column elementor-col-33 elementor-top-column elementor-element elementor-element-60ad7cd\" data-id=\"60ad7cd\" data-element_type=\"column\" data-settings=\"{&quot;background_background&quot;:&quot;classic&quot;}\">\n\t\t\t<div class=\"elementor-widget-wrap elementor-element-populated\">\n\t\t\t\t\t\t\t\t<div class=\"elementor-element elementor-element-d01f590 elementor-widget elementor-widget-toggle\" data-id=\"d01f590\" data-element_type=\"widget\" data-widget_type=\"toggle.default\">\n\t\t\t\t<div class=\"elementor-widget-container\">\n\t\t\t\t\t<div class=\"elementor-toggle\" role=\"tablist\">\n\t\t\t\t\t\t\t<div class=\"elementor-toggle-item\">\n\t\t\t\t\t<div id=\"elementor-tab-title-2181\" class=\"elementor-tab-title\" data-tab=\"1\" role=\"tab\" aria-controls=\"elementor-tab-content-2181\" aria-expanded=\"false\">\n\t\t\t\t\t\t\t\t\t\t\t\t<span class=\"elementor-toggle-icon elementor-toggle-icon-left\" aria-hidden=\"true\">\n\t\t\t\t\t\t\t\t\t\t\t\t\t\t\t<span class=\"elementor-toggle-icon-closed\"><i class=\"fas fa-caret-right\"><\/i><\/span>\n\t\t\t\t\t\t\t\t<span class=\"elementor-toggle-icon-opened\"><i class=\"elementor-toggle-icon-opened fas fa-caret-up\"><\/i><\/span>\n\t\t\t\t\t\t\t\t\t\t\t\t\t<\/span>\n\t\t\t\t\t\t\t\t\t\t\t\t<a href=\"\" class=\"elementor-toggle-title\">\u00bfQu\u00e9 es Coaching?<\/a>\n\t\t\t\t\t<\/div>\n\n\t\t\t\t\t<div id=\"elementor-tab-content-2181\" class=\"elementor-tab-content elementor-clearfix\" data-tab=\"1\" role=\"tabpanel\" aria-labelledby=\"elementor-tab-title-2181\"><p>La definici\u00f3n m\u00e1s frecuente consiste en enfocarla al arte de acompa\u00f1ar a una persona o grupo de personas en su contexto profesional y relacional para ayudarlos a encontrar su propia<span class=\"roksprocket-ellipsis\">\u2026<\/span><\/p><p>Leer m\u00e1s<\/p><\/div>\n\t\t\t\t<\/div>\n\t\t\t\t\t\t\t<div class=\"elementor-toggle-item\">\n\t\t\t\t\t<div id=\"elementor-tab-title-2182\" class=\"elementor-tab-title\" data-tab=\"2\" role=\"tab\" aria-controls=\"elementor-tab-content-2182\" aria-expanded=\"false\">\n\t\t\t\t\t\t\t\t\t\t\t\t<span class=\"elementor-toggle-icon elementor-toggle-icon-left\" aria-hidden=\"true\">\n\t\t\t\t\t\t\t\t\t\t\t\t\t\t\t<span class=\"elementor-toggle-icon-closed\"><i class=\"fas fa-caret-right\"><\/i><\/span>\n\t\t\t\t\t\t\t\t<span class=\"elementor-toggle-icon-opened\"><i class=\"elementor-toggle-icon-opened fas fa-caret-up\"><\/i><\/span>\n\t\t\t\t\t\t\t\t\t\t\t\t\t<\/span>\n\t\t\t\t\t\t\t\t\t\t\t\t<a href=\"\" class=\"elementor-toggle-title\">\u00bfQu\u00e9 es Mentoring?<\/a>\n\t\t\t\t\t<\/div>\n\n\t\t\t\t\t<div id=\"elementor-tab-content-2182\" class=\"elementor-tab-content elementor-clearfix\" data-tab=\"2\" role=\"tabpanel\" aria-labelledby=\"elementor-tab-title-2182\"><p>El mentoring es un proceso de desarrollo personal, donde una persona (el mentor) facilita el desarrollo de consciencia de otra persona (el mentee), entablando una relaci\u00f3n que le propone descubrir<span class=\"roksprocket-ellipsis\">\u2026<\/span><\/p><p>Leer m\u00e1s<\/p><\/div>\n\t\t\t\t<\/div>\n\t\t\t\t\t\t\t\t<\/div>\n\t\t\t\t<\/div>\n\t\t\t\t<\/div>\n\t\t\t\t\t<\/div>\n\t\t<\/div>\n\t\t\t\t\t\t\t<\/div>\n\t\t<\/section>\n\t\t\t\t<section class=\"elementor-section elementor-top-section elementor-element elementor-element-75107bc1 elementor-reverse-tablet elementor-reverse-mobile elementor-section-boxed elementor-section-height-default elementor-section-height-default\" data-id=\"75107bc1\" data-element_type=\"section\" data-settings=\"{&quot;background_background&quot;:&quot;classic&quot;}\">\n\t\t\t\t\t\t\t<div class=\"elementor-background-overlay\"><\/div>\n\t\t\t\t\t\t\t<div class=\"elementor-container elementor-column-gap-default\">\n\t\t\t\t\t<div class=\"elementor-column elementor-col-100 elementor-top-column elementor-element elementor-element-34f166e5\" data-id=\"34f166e5\" data-element_type=\"column\" data-settings=\"{&quot;background_background&quot;:&quot;classic&quot;}\">\n\t\t\t<div class=\"elementor-widget-wrap elementor-element-populated\">\n\t\t\t\t\t\t\t\t<div class=\"elementor-element elementor-element-c7725d9 elementor-widget elementor-widget-text-editor\" data-id=\"c7725d9\" data-element_type=\"widget\" data-widget_type=\"text-editor.default\">\n\t\t\t\t<div class=\"elementor-widget-container\">\n\t\t\t\t\t\t\t<h3 class=\"title nomargintop nomarginbottom\">Notas<\/h3>\t\t\t\t\t\t<\/div>\n\t\t\t\t<\/div>\n\t\t\t\t<div class=\"elementor-element elementor-element-89fef43 elementor-grid-eael-col-4 elementor-grid-tablet-eael-col-2 elementor-grid-mobile-eael-col-1 elementor-widget elementor-widget-eael-post-grid\" data-id=\"89fef43\" data-element_type=\"widget\" data-settings=\"{&quot;eael_post_grid_columns&quot;:&quot;eael-col-4&quot;,&quot;eael_post_grid_columns_tablet&quot;:&quot;eael-col-2&quot;,&quot;eael_post_grid_columns_mobile&quot;:&quot;eael-col-1&quot;}\" data-widget_type=\"eael-post-grid.default\">\n\t\t\t\t<div class=\"elementor-widget-container\">\n\t\t\t<div id=\"eael-post-grid-89fef43\" class=\"eael-post-grid-container\">\n            <div class=\"eael-post-grid eael-post-appender eael-post-appender-89fef43 eael-post-grid-style-default\" data-layout-mode=\"grid\"><article class=\"eael-grid-post eael-post-grid-column\" data-id=\"104\">\n        <div class=\"eael-grid-post-holder\">\n            <div class=\"eael-grid-post-holder-inner\"><div class=\"eael-entry-wrapper\"><header class=\"eael-entry-header\"><h2 class=\"eael-entry-title\"><a\n                        class=\"eael-grid-post-link\"\n                        href=\"http:\/\/academiainpact.cl\/accym\/2018\/07\/19\/el-lider-y-las-conversaciones-significativas\/\"\n                        title=\"EL L\u00cdDER Y LAS CONVERSACIONES SIGNIFICATIVAS\">EL L\u00cdDER Y LAS CONVERSACIONES SIGNIFICATIVAS<\/a><\/h2><\/header><div class=\"eael-entry-meta\"><\/div><div class=\"eael-entry-content\">\n                        <div class=\"eael-grid-post-excerpt\"><p>Adriana Germ\u00e1n, venezolana, Directora de AG Global Consultores, especialista en...<\/p><a\n                            href=\"http:\/\/academiainpact.cl\/accym\/2018\/07\/19\/el-lider-y-las-conversaciones-significativas\/\"\n                            class=\"eael-post-elements-readmore-btn\">Leer m\u00e1s<\/a><\/div>\n                    <\/div><\/div><\/div>\n        <\/div>\n    <\/article><article class=\"eael-grid-post eael-post-grid-column\" data-id=\"103\">\n        <div class=\"eael-grid-post-holder\">\n            <div class=\"eael-grid-post-holder-inner\"><div class=\"eael-entry-wrapper\"><header class=\"eael-entry-header\"><h2 class=\"eael-entry-title\"><a\n                        class=\"eael-grid-post-link\"\n                        href=\"http:\/\/academiainpact.cl\/accym\/2018\/06\/08\/casos-de-exito-coaching-organizacional\/\"\n                        title=\"CASOS DE \u00c9XITO: COACHING ORGANIZACIONAL\">CASOS DE \u00c9XITO: COACHING ORGANIZACIONAL<\/a><\/h2><\/header><div class=\"eael-entry-meta\"><\/div><div class=\"eael-entry-content\">\n                        <div class=\"eael-grid-post-excerpt\"><p>Como es habitual a trav\u00e9s de la Revista Digital Icimag...<\/p><a\n                            href=\"http:\/\/academiainpact.cl\/accym\/2018\/06\/08\/casos-de-exito-coaching-organizacional\/\"\n                            class=\"eael-post-elements-readmore-btn\">Leer m\u00e1s<\/a><\/div>\n                    <\/div><\/div><\/div>\n        <\/div>\n    <\/article><article class=\"eael-grid-post eael-post-grid-column\" data-id=\"102\">\n        <div class=\"eael-grid-post-holder\">\n            <div class=\"eael-grid-post-holder-inner\"><div class=\"eael-entry-wrapper\"><header class=\"eael-entry-header\"><h2 class=\"eael-entry-title\"><a\n                        class=\"eael-grid-post-link\"\n                        href=\"http:\/\/academiainpact.cl\/accym\/2018\/05\/17\/coaching-de-mercadeo\/\"\n                        title=\"COACHING DE MERCADEO\">COACHING DE MERCADEO<\/a><\/h2><\/header><div class=\"eael-entry-meta\"><\/div><div class=\"eael-entry-content\">\n                        <div class=\"eael-grid-post-excerpt\"><p>El Coaching de Negocios est\u00e1 orientado a due\u00f1os de negocios...<\/p><a\n                            href=\"http:\/\/academiainpact.cl\/accym\/2018\/05\/17\/coaching-de-mercadeo\/\"\n                            class=\"eael-post-elements-readmore-btn\">Leer m\u00e1s<\/a><\/div>\n                    <\/div><\/div><\/div>\n        <\/div>\n    <\/article><article class=\"eael-grid-post eael-post-grid-column\" data-id=\"101\">\n        <div class=\"eael-grid-post-holder\">\n            <div class=\"eael-grid-post-holder-inner\"><div class=\"eael-entry-wrapper\"><header class=\"eael-entry-header\"><h2 class=\"eael-entry-title\"><a\n                        class=\"eael-grid-post-link\"\n                        href=\"http:\/\/academiainpact.cl\/accym\/2018\/04\/26\/los-ejes-del-cambio\/\"\n                        title=\"LOS EJES DEL CAMBIO\">LOS EJES DEL CAMBIO<\/a><\/h2><\/header><div class=\"eael-entry-meta\"><\/div><div class=\"eael-entry-content\">\n                        <div class=\"eael-grid-post-excerpt\"><p>En Coaching, una de las herramientas eficaces para detectar los...<\/p><a\n                            href=\"http:\/\/academiainpact.cl\/accym\/2018\/04\/26\/los-ejes-del-cambio\/\"\n                            class=\"eael-post-elements-readmore-btn\">Leer m\u00e1s<\/a><\/div>\n                    <\/div><\/div><\/div>\n        <\/div>\n    <\/article><article class=\"eael-grid-post eael-post-grid-column\" data-id=\"100\">\n        <div class=\"eael-grid-post-holder\">\n            <div class=\"eael-grid-post-holder-inner\"><div class=\"eael-entry-wrapper\"><header class=\"eael-entry-header\"><h2 class=\"eael-entry-title\"><a\n                        class=\"eael-grid-post-link\"\n                        href=\"http:\/\/academiainpact.cl\/accym\/2018\/04\/06\/el-lenguaje-no-verbal-en-los-equipos\/\"\n                        title=\"EL LENGUAJE NO VERBAL EN LOS EQUIPOS\">EL LENGUAJE NO VERBAL EN LOS EQUIPOS<\/a><\/h2><\/header><div class=\"eael-entry-meta\"><\/div><div class=\"eael-entry-content\">\n                        <div class=\"eael-grid-post-excerpt\"><p>Sabemos que los equipos en la empresa son actores principales...<\/p><a\n                            href=\"http:\/\/academiainpact.cl\/accym\/2018\/04\/06\/el-lenguaje-no-verbal-en-los-equipos\/\"\n                            class=\"eael-post-elements-readmore-btn\">Leer m\u00e1s<\/a><\/div>\n                    <\/div><\/div><\/div>\n        <\/div>\n    <\/article><article class=\"eael-grid-post eael-post-grid-column\" data-id=\"99\">\n        <div class=\"eael-grid-post-holder\">\n            <div class=\"eael-grid-post-holder-inner\"><div class=\"eael-entry-wrapper\"><header class=\"eael-entry-header\"><h2 class=\"eael-entry-title\"><a\n                        class=\"eael-grid-post-link\"\n                        href=\"http:\/\/academiainpact.cl\/accym\/2018\/03\/19\/mentoring-y-la-experiencia-emocional\/\"\n                        title=\"MENTORING Y LA EXPERIENCIA EMOCIONAL.\">MENTORING Y LA EXPERIENCIA EMOCIONAL.<\/a><\/h2><\/header><div class=\"eael-entry-meta\"><\/div><div class=\"eael-entry-content\">\n                        <div class=\"eael-grid-post-excerpt\"><p>El Master Coach mexicano y mentor, Jos\u00e9 Merino P\u00e9rez, colaborador...<\/p><a\n                            href=\"http:\/\/academiainpact.cl\/accym\/2018\/03\/19\/mentoring-y-la-experiencia-emocional\/\"\n                            class=\"eael-post-elements-readmore-btn\">Leer m\u00e1s<\/a><\/div>\n                    <\/div><\/div><\/div>\n        <\/div>\n    <\/article><article class=\"eael-grid-post eael-post-grid-column\" data-id=\"98\">\n        <div class=\"eael-grid-post-holder\">\n            <div class=\"eael-grid-post-holder-inner\"><div class=\"eael-entry-wrapper\"><header class=\"eael-entry-header\"><h2 class=\"eael-entry-title\"><a\n                        class=\"eael-grid-post-link\"\n                        href=\"http:\/\/academiainpact.cl\/accym\/2018\/02\/22\/gerente-versus-lider\/\"\n                        title=\"GERENTE VERSUS L\u00cdDER\">GERENTE VERSUS L\u00cdDER<\/a><\/h2><\/header><div class=\"eael-entry-meta\"><\/div><div class=\"eael-entry-content\">\n                        <div class=\"eael-grid-post-excerpt\"><p>Un gerente no es un l\u00edder necesariamente. As\u00ed lo plantea...<\/p><a\n                            href=\"http:\/\/academiainpact.cl\/accym\/2018\/02\/22\/gerente-versus-lider\/\"\n                            class=\"eael-post-elements-readmore-btn\">Leer m\u00e1s<\/a><\/div>\n                    <\/div><\/div><\/div>\n        <\/div>\n    <\/article><article class=\"eael-grid-post eael-post-grid-column\" data-id=\"95\">\n        <div class=\"eael-grid-post-holder\">\n            <div class=\"eael-grid-post-holder-inner\"><div class=\"eael-entry-wrapper\"><header class=\"eael-entry-header\"><h2 class=\"eael-entry-title\"><a\n                        class=\"eael-grid-post-link\"\n                        href=\"http:\/\/academiainpact.cl\/accym\/2018\/01\/12\/neurociencia-aplicada-al-coaching-podemos-confiar-en-nuestra-mente\/\"\n                        title=\"NEUROCIENCIA APLICADA AL COACHING \u00bfPODEMOS CONFIAR EN NUESTRA MENTE?\">NEUROCIENCIA APLICADA AL COACHING \u00bfPODEMOS CONFIAR EN NUESTRA MENTE?<\/a><\/h2><\/header><div class=\"eael-entry-meta\"><\/div><div class=\"eael-entry-content\">\n                        <div class=\"eael-grid-post-excerpt\"><p>\u00bfC\u00f3mo sabemos si estamos eligiendo o estamos en piloto autom\u00e1tico?...<\/p><a\n                            href=\"http:\/\/academiainpact.cl\/accym\/2018\/01\/12\/neurociencia-aplicada-al-coaching-podemos-confiar-en-nuestra-mente\/\"\n                            class=\"eael-post-elements-readmore-btn\">Leer m\u00e1s<\/a><\/div>\n                    <\/div><\/div><\/div>\n        <\/div>\n    <\/article><\/div>\n            <div class=\"clearfix\"><\/div>\n        <\/div>\t\t<\/div>\n\t\t\t\t<\/div>\n\t\t\t\t\t<\/div>\n\t\t<\/div>\n\t\t\t\t\t\t\t<\/div>\n\t\t<\/section>\n\t\t\t\t\t\t<\/div>\n\t\t\t\t\t<\/div>\n\t\t","protected":false},"excerpt":{"rendered":"<p>Acreditaci\u00f3n La Asociaci\u00f3n Chilena de Coaching y Mentoring entidad acreditadora, vela por el fiel cumplimiento de la pr\u00e1ctica \u00e9tica del coaching, respaldando a sus miembros y asociados.\u00a0 Leer m\u00e1s Actividades Accede a nuestras charlas gratuitas, descuentos, jornadas y actividades sociales y comparte con otros profesionales experiencias y conocimientos. Leer m\u00e1s Quiero ser Miembro La Asociaci\u00f3n [&hellip;]<\/p>\n","protected":false},"author":1,"featured_media":0,"parent":0,"menu_order":0,"comment_status":"closed","ping_status":"closed","template":"elementor_header_footer","meta":{"footnotes":""},"class_list":["post-3463","page","type-page","status-publish","hentry"],"_links":{"self":[{"href":"http:\/\/academiainpact.cl\/accym\/wp-json\/wp\/v2\/pages\/3463","targetHints":{"allow":["GET"]}}],"collection":[{"href":"http:\/\/academiainpact.cl\/accym\/wp-json\/wp\/v2\/pages"}],"about":[{"href":"http:\/\/academiainpact.cl\/accym\/wp-json\/wp\/v2\/types\/page"}],"author":[{"embeddable":true,"href":"http:\/\/academiainpact.cl\/accym\/wp-json\/wp\/v2\/users\/1"}],"replies":[{"embeddable":true,"href":"http:\/\/academiainpact.cl\/accym\/wp-json\/wp\/v2\/comments?post=3463"}],"version-history":[{"count":61,"href":"http:\/\/academiainpact.cl\/accym\/wp-json\/wp\/v2\/pages\/3463\/revisions"}],"predecessor-version":[{"id":3792,"href":"http:\/\/academiainpact.cl\/accym\/wp-json\/wp\/v2\/pages\/3463\/revisions\/3792"}],"wp:attachment":[{"href":"http:\/\/academiainpact.cl\/accym\/wp-json\/wp\/v2\/media?parent=3463"}],"curies":[{"name":"wp","href":"https:\/\/api.w.org\/{rel}","templated":true}]}}